{"id":11,"date":"2026-01-26T16:49:36","date_gmt":"2026-01-26T15:49:36","guid":{"rendered":"https:\/\/rscarsconsulting.ch\/?page_id=11"},"modified":"2026-03-03T09:52:27","modified_gmt":"2026-03-03T08:52:27","slug":"a-propos","status":"publish","type":"page","link":"https:\/\/rscarsconsulting.ch\/?page_id=11","title":{"rendered":"A propos"},"content":{"rendered":"\n<div class=\"wp-block-cover alignfull is-light has-aspect-ratio\" style=\"border-style:none;border-width:0px;border-top-left-radius:30px;border-top-right-radius:30px;border-bottom-left-radius:30px;border-bottom-right-radius:30px;margin-top:0;margin-bottom:0;padding-top:0px;padding-bottom:60px;aspect-ratio:16\/9;min-height:unset;\"><img fetchpriority=\"high\" decoding=\"async\" width=\"1920\" height=\"1280\" class=\"wp-block-cover__image-background wp-image-91 size-full\" alt=\"\" src=\"https:\/\/rscarsconsulting.ch\/wp-content\/uploads\/2026\/01\/arvid-skywalker-e9eK1TdOZJw-unsplash.jpg\" style=\"object-position:50% 0%\" data-object-fit=\"cover\" data-object-position=\"50% 0%\" srcset=\"https:\/\/rscarsconsulting.ch\/wp-content\/uploads\/2026\/01\/arvid-skywalker-e9eK1TdOZJw-unsplash.jpg 1920w, https:\/\/rscarsconsulting.ch\/wp-content\/uploads\/2026\/01\/arvid-skywalker-e9eK1TdOZJw-unsplash-300x200.jpg 300w, https:\/\/rscarsconsulting.ch\/wp-content\/uploads\/2026\/01\/arvid-skywalker-e9eK1TdOZJw-unsplash-1024x683.jpg 1024w, https:\/\/rscarsconsulting.ch\/wp-content\/uploads\/2026\/01\/arvid-skywalker-e9eK1TdOZJw-unsplash-768x512.jpg 768w, https:\/\/rscarsconsulting.ch\/wp-content\/uploads\/2026\/01\/arvid-skywalker-e9eK1TdOZJw-unsplash-1536x1024.jpg 1536w\" sizes=\"(max-width: 1920px) 100vw, 1920px\" \/><span aria-hidden=\"true\" class=\"wp-block-cover__background has-background-dim-10 has-background-dim\" style=\"background-color:#bfbe7b\"><\/span><div class=\"wp-block-cover__inner-container is-layout-flow wp-container-core-cover-is-layout-46b8e134 wp-block-cover-is-layout-flow\">\n<figure class=\"wp-block-image aligncenter size-large is-resized\"><img decoding=\"async\" width=\"1024\" height=\"682\" src=\"https:\/\/rscarsconsulting.ch\/wp-content\/uploads\/2026\/01\/logo_header_RS_Cars_1140px-2-1024x682.png\" alt=\"\" class=\"wp-image-92\" style=\"width:751px;height:auto\" srcset=\"https:\/\/rscarsconsulting.ch\/wp-content\/uploads\/2026\/01\/logo_header_RS_Cars_1140px-2-1024x682.png 1024w, https:\/\/rscarsconsulting.ch\/wp-content\/uploads\/2026\/01\/logo_header_RS_Cars_1140px-2-300x200.png 300w, https:\/\/rscarsconsulting.ch\/wp-content\/uploads\/2026\/01\/logo_header_RS_Cars_1140px-2-768x511.png 768w, https:\/\/rscarsconsulting.ch\/wp-content\/uploads\/2026\/01\/logo_header_RS_Cars_1140px-2.png 1140w\" sizes=\"(max-width: 1024px) 100vw, 1024px\" \/><\/figure>\n\n\n\n<p class=\"has-text-color has-link-color wp-elements-1e47436bf065dfa11db3fd9de9602f7e\" style=\"color:#ffffff00\"><\/p>\n<\/div><\/div>\n\n\n\n<section class=\"wp-block-group alignfull has-global-padding is-layout-constrained wp-container-core-group-is-layout-8202059b wp-block-group-is-layout-constrained\" style=\"margin-top:0px;padding-top:6rem;padding-right:1rem;padding-bottom:6rem;padding-left:1rem;font-size:clamp(0.875rem, 0.875rem + ((1vw - 0.2rem) * 0.464), 1.13rem);font-style:normal;font-weight:400;line-height:1.4\">\n<div class=\"wp-block-columns is-layout-flex wp-container-core-columns-is-layout-03ad6a19 wp-block-columns-is-layout-flex\" style=\"margin-bottom:0px\">\n<div class=\"wp-block-column has-global-padding is-layout-constrained wp-container-core-column-is-layout-c4a7d96a wp-block-column-is-layout-constrained\" style=\"flex-basis:50%\">\n<h2 class=\"wp-block-heading has-text-align-center has-text-color has-suranna-font-family\" style=\"color:#1f3a5f;margin-top:0.5rem;margin-bottom:0rem;font-size:clamp(24.034px, 1.502rem + ((1vw - 3.2px) * 1.814), 40px);font-style:normal;font-weight:500;letter-spacing:0px;line-height:1.3\">Des conseils techniques ind\u00e9pendants pour acheter, vendre et g\u00e9rer votre v\u00e9hicule en toute s\u00e9r\u00e9nit\u00e9.<\/h2>\n\n\n\n<p class=\"has-text-align-left has-text-color has-pontano-sans-font-family\" style=\"color:#1f3a5f;margin-top:20px;margin-bottom:20px;font-size:clamp(14px, 0.875rem + ((1vw - 3.2px) * 0.455), 18px);font-style:normal;font-weight:400;line-height:1.5\">Actif dans le domaine de l\u2019automobile depuis pr\u00e8s de vingt ans, j\u2019accompagne particuliers et professionnels dans leurs d\u00e9cisions automobiles, de l\u2019analyse technique \u00e0 l\u2019achat ou \u00e0 la vente d\u2019un v\u00e9hicule.<\/p>\n\n\n\n<p class=\"has-text-color has-link-color wp-elements-09079e123acf1441f6ae13dd613d1af5\" style=\"color:#1f3a5f\">Mon parcours d\u00e9bute en tant que m\u00e9canicien automobile, avant d\u2019\u00e9voluer vers des fonctions de responsable d\u2019atelier, compl\u00e9t\u00e9es par un brevet f\u00e9d\u00e9ral en coordination et gestion d\u2019atelier. Cette double comp\u00e9tence me permet d\u2019allier vision technique, organisationnelle et orient\u00e9e client.<\/p>\n\n\n\n<p class=\"has-text-align-left has-text-color has-pontano-sans-font-family\" style=\"color:#1f3a5f;margin-top:20px;margin-bottom:20px;font-size:clamp(14px, 0.875rem + ((1vw - 3.2px) * 0.455), 18px);font-style:normal;font-weight:400;line-height:1.5\">Sp\u00e9cialis\u00e9 dans les motorisations alternatives, notamment les v\u00e9hicules hybrides et \u00e9lectriques, je dispose des formations et habilitations n\u00e9cessaires pour conseiller ces technologies en toute s\u00e9curit\u00e9 et objectivit\u00e9.<\/p>\n<\/div>\n\n\n\n<div class=\"wp-block-column is-layout-flow wp-block-column-is-layout-flow\" style=\"flex-basis:50%\">\n<figure class=\"wp-block-image alignright size-full is-resized has-custom-border\"><img decoding=\"async\" width=\"1920\" height=\"1280\" src=\"https:\/\/rscarsconsulting.ch\/wp-content\/uploads\/2026\/02\/why-kei-8e2gal_GIE8-unsplash.jpg\" alt=\"\" class=\"wp-image-322\" style=\"border-style:none;border-width:0px;border-top-left-radius:30px;border-top-right-radius:30px;border-bottom-left-radius:30px;border-bottom-right-radius:30px;aspect-ratio:3\/4;object-fit:cover;width:437px;height:auto\" srcset=\"https:\/\/rscarsconsulting.ch\/wp-content\/uploads\/2026\/02\/why-kei-8e2gal_GIE8-unsplash.jpg 1920w, https:\/\/rscarsconsulting.ch\/wp-content\/uploads\/2026\/02\/why-kei-8e2gal_GIE8-unsplash-300x200.jpg 300w, https:\/\/rscarsconsulting.ch\/wp-content\/uploads\/2026\/02\/why-kei-8e2gal_GIE8-unsplash-1024x683.jpg 1024w, https:\/\/rscarsconsulting.ch\/wp-content\/uploads\/2026\/02\/why-kei-8e2gal_GIE8-unsplash-768x512.jpg 768w, https:\/\/rscarsconsulting.ch\/wp-content\/uploads\/2026\/02\/why-kei-8e2gal_GIE8-unsplash-1536x1024.jpg 1536w\" sizes=\"(max-width: 1920px) 100vw, 1920px\" \/><\/figure>\n<\/div>\n<\/div>\n<\/section>\n\n\n\n<section class=\"wp-block-group alignfull has-global-padding is-layout-constrained wp-container-core-group-is-layout-8202059b wp-block-group-is-layout-constrained\" style=\"margin-top:0px;padding-top:6rem;padding-right:1rem;padding-bottom:6rem;padding-left:1rem;font-size:clamp(0.875rem, 0.875rem + ((1vw - 0.2rem) * 0.464), 1.13rem);font-style:normal;font-weight:400;line-height:1.4\">\n<div class=\"wp-block-columns is-layout-flex wp-container-core-columns-is-layout-03ad6a19 wp-block-columns-is-layout-flex\" style=\"margin-bottom:0px\">\n<div class=\"wp-block-column is-vertically-aligned-center has-global-padding is-layout-constrained wp-container-core-column-is-layout-c4a7d96a wp-block-column-is-layout-constrained\" style=\"flex-basis:50%\">\n<h3 class=\"wp-block-heading has-text-align-left has-text-color has-suranna-font-family\" style=\"color:#1f3a5f;margin-top:0.5rem;margin-bottom:0rem;font-size:clamp(24.034px, 1.502rem + ((1vw - 3.2px) * 1.814), 40px);font-style:normal;font-weight:500;letter-spacing:0px;line-height:1.3\">Notre Engagement<\/h3>\n\n\n\n<p class=\"has-text-align-left has-text-color has-pontano-sans-font-family\" style=\"color:#1f3a5f;margin-top:20px;margin-bottom:20px;font-size:clamp(14px, 0.875rem + ((1vw - 3.2px) * 0.455), 18px);font-style:normal;font-weight:400;line-height:1.5\">Chez RS Cars Consulting, nous nous engageons \u00e0 vous offrir un service exceptionnel bas\u00e9 sur l&rsquo;int\u00e9grit\u00e9, la transparence et l&rsquo;ind\u00e9pendance. Nous croyons fermement que chaque client m\u00e9rite des conseils objectifs, sans pression ni conflit d&rsquo;int\u00e9r\u00eat. Notre approche personnalis\u00e9e garantit que toutes vos d\u00e9cisions automobiles sont \u00e9clair\u00e9es et sereines. Nous mettons un point d\u2019honneur \u00e0 vous accompagner tout au long de votre parcours, en vous aidant \u00e0 comprendre les enjeux et \u00e0 maximiser vos choix. Nous avan\u00e7ons ensembles, dans la m\u00eame direction.<\/p>\n\n\n\n<div class=\"wp-block-buttons is-horizontal is-content-justification-left is-layout-flex wp-container-core-buttons-is-layout-2c34cf1c wp-block-buttons-is-layout-flex\" style=\"margin-top:0.51rem\">\n<div class=\"wp-block-button has-custom-width wp-block-button__width-50 is-style-fill\"><a class=\"wp-block-button__link has-text-color has-background has-pontano-sans-font-family has-custom-font-size wp-element-button\" href=\"https:\/\/rscarsconsulting.ch\/?page_id=13\" style=\"border-style:none;border-width:0px;border-top-left-radius:30rem;border-top-right-radius:30rem;border-bottom-left-radius:30rem;border-bottom-right-radius:30rem;color:#1f3a5f;background-color:#3a7d44;padding-top:0.71rem;padding-right:0.31rem;padding-bottom:0.71rem;padding-left:0.31rem;font-size:clamp(0.875rem, 0.875rem + ((1vw - 0.2rem) * 0.245), 1.01rem);font-style:normal;font-weight:700;letter-spacing:1px;line-height:1.5;text-transform:uppercase\">Explorez Nos Services<\/a><\/div>\n<\/div>\n<\/div>\n\n\n\n<div class=\"wp-block-column is-vertically-aligned-center is-layout-flow wp-block-column-is-layout-flow\" style=\"flex-basis:50%\">\n<figure class=\"wp-block-image alignright size-full has-custom-border\"><img loading=\"lazy\" decoding=\"async\" width=\"1707\" height=\"2560\" src=\"https:\/\/rscarsconsulting.ch\/wp-content\/uploads\/2026\/01\/josh-calabrese-Ev1XqeVL2wI-unsplash-2-scaled.jpg\" alt=\"\" class=\"wp-image-133\" style=\"border-style:none;border-width:0px;border-top-left-radius:30px;border-top-right-radius:30px;border-bottom-left-radius:30px;border-bottom-right-radius:30px;aspect-ratio:1;object-fit:cover\" srcset=\"https:\/\/rscarsconsulting.ch\/wp-content\/uploads\/2026\/01\/josh-calabrese-Ev1XqeVL2wI-unsplash-2-scaled.jpg 1707w, https:\/\/rscarsconsulting.ch\/wp-content\/uploads\/2026\/01\/josh-calabrese-Ev1XqeVL2wI-unsplash-2-200x300.jpg 200w, https:\/\/rscarsconsulting.ch\/wp-content\/uploads\/2026\/01\/josh-calabrese-Ev1XqeVL2wI-unsplash-2-683x1024.jpg 683w, https:\/\/rscarsconsulting.ch\/wp-content\/uploads\/2026\/01\/josh-calabrese-Ev1XqeVL2wI-unsplash-2-768x1152.jpg 768w, https:\/\/rscarsconsulting.ch\/wp-content\/uploads\/2026\/01\/josh-calabrese-Ev1XqeVL2wI-unsplash-2-1024x1536.jpg 1024w, https:\/\/rscarsconsulting.ch\/wp-content\/uploads\/2026\/01\/josh-calabrese-Ev1XqeVL2wI-unsplash-2-1365x2048.jpg 1365w\" sizes=\"(max-width: 1707px) 100vw, 1707px\" \/><\/figure>\n<\/div>\n<\/div>\n<\/section>\n\n\n\n<div class=\"wp-block-cover alignfull is-light has-text-color has-link-color wp-elements-e00b301adec0fd43684277e0c5a9fff7\" style=\"color:#1f3a5f;padding-top:6rem;padding-bottom:6rem;min-height:444px;aspect-ratio:unset;\"><span aria-hidden=\"true\" class=\"wp-block-cover__background has-background-dim-20 has-background-dim\" style=\"background-color:#3a7d44\"><\/span><div class=\"wp-block-cover__inner-container has-global-padding is-layout-constrained wp-container-core-cover-is-layout-5cbdda46 wp-block-cover-is-layout-constrained\">\n<h2 class=\"wp-block-heading has-text-align-center has-text-color has-link-color has-suranna-font-family wp-elements-f4059a1f2a91de9efbfc4a52a5088291\" style=\"color:#1f3a5f;font-size:clamp(14.642px, 0.915rem + ((1vw - 3.2px) * 0.836), 22px);font-style:normal;font-weight:500;letter-spacing:1px\">RS Cars Consulting propose exclusivement des prestations de conseils dans l&rsquo;automobile :<\/h2>\n\n\n\n<p class=\"has-text-align-center has-text-color has-link-color wp-elements-f98842000f4a12a70cc07e331f59803a\" style=\"color:#1f3a5f;font-size:clamp(14px, 0.875rem + ((1vw - 3.2px) * 0.341), 17px);font-style:italic;font-weight:500\">sans vente de v\u00e9hicules<\/p>\n\n\n\n<p class=\"has-text-align-center has-text-color has-link-color wp-elements-a650e18a69ce604b59e24d74f57fb21a\" style=\"color:#1f3a5f;font-size:clamp(14px, 0.875rem + ((1vw - 3.2px) * 0.341), 17px);font-style:italic;font-weight:500\">sans r\u00e9paration<\/p>\n\n\n\n<p class=\"has-text-align-center has-text-color has-link-color wp-elements-3c335e11f89723e46c8f84825d94aca8\" style=\"color:#1f3a5f;font-size:clamp(14px, 0.875rem + ((1vw - 3.2px) * 0.341), 17px);font-style:italic;font-weight:500\">sans commission<\/p>\n\n\n\n<div class=\"wp-block-buttons is-horizontal is-content-justification-center is-layout-flex wp-container-core-buttons-is-layout-bb07f847 wp-block-buttons-is-layout-flex\" style=\"margin-top:30px\">\n<div class=\"wp-block-button has-custom-width wp-block-button__width-25 is-style-fill\"><a class=\"wp-block-button__link has-text-color has-background has-pontano-sans-font-family has-custom-font-size wp-element-button\" href=\"#\" style=\"border-style:none;border-width:0px;border-top-left-radius:30rem;border-top-right-radius:30rem;border-bottom-left-radius:30rem;border-bottom-right-radius:30rem;color:#1f3a5f;background-color:#397d44a6;padding-top:0.71rem;padding-right:0.31rem;padding-bottom:0.71rem;padding-left:0.31rem;font-size:clamp(0.875rem, 0.875rem + ((1vw - 0.2rem) * 0.245), 1.01rem);font-style:normal;font-weight:700;letter-spacing:1px;line-height:1.5;text-transform:uppercase\">Demandez un conseil <\/a><\/div>\n<\/div>\n<\/div><\/div>\n","protected":false},"excerpt":{"rendered":"<p>Des conseils techniques ind\u00e9pendants pour acheter, vendre et g\u00e9rer votre v\u00e9hicule en toute s\u00e9r\u00e9nit\u00e9. Actif dans le domaine de l\u2019automobile depuis pr\u00e8s de vingt ans, j\u2019accompagne particuliers et professionnels dans leurs d\u00e9cisions automobiles, de l\u2019analyse technique \u00e0 l\u2019achat ou \u00e0 la vente d\u2019un v\u00e9hicule. Mon parcours d\u00e9bute en tant que m\u00e9canicien automobile, avant d\u2019\u00e9voluer vers [&hellip;]<\/p>\n","protected":false},"author":1,"featured_media":0,"parent":0,"menu_order":0,"comment_status":"closed","ping_status":"closed","template":"","meta":{"_eb_attr":"","footnotes":""},"class_list":["post-11","page","type-page","status-publish","hentry"],"_links":{"self":[{"href":"https:\/\/rscarsconsulting.ch\/index.php?rest_route=\/wp\/v2\/pages\/11","targetHints":{"allow":["GET"]}}],"collection":[{"href":"https:\/\/rscarsconsulting.ch\/index.php?rest_route=\/wp\/v2\/pages"}],"about":[{"href":"https:\/\/rscarsconsulting.ch\/index.php?rest_route=\/wp\/v2\/types\/page"}],"author":[{"embeddable":true,"href":"https:\/\/rscarsconsulting.ch\/index.php?rest_route=\/wp\/v2\/users\/1"}],"replies":[{"embeddable":true,"href":"https:\/\/rscarsconsulting.ch\/index.php?rest_route=%2Fwp%2Fv2%2Fcomments&post=11"}],"version-history":[{"count":47,"href":"https:\/\/rscarsconsulting.ch\/index.php?rest_route=\/wp\/v2\/pages\/11\/revisions"}],"predecessor-version":[{"id":402,"href":"https:\/\/rscarsconsulting.ch\/index.php?rest_route=\/wp\/v2\/pages\/11\/revisions\/402"}],"wp:attachment":[{"href":"https:\/\/rscarsconsulting.ch\/index.php?rest_route=%2Fwp%2Fv2%2Fmedia&parent=11"}],"curies":[{"name":"wp","href":"https:\/\/api.w.org\/{rel}","templated":true}]}}